{"id":755,"date":"2025-10-14T15:07:32","date_gmt":"2025-10-14T13:07:32","guid":{"rendered":"https:\/\/www.mbtelettromotori.it\/sostenibilita\/"},"modified":"2026-03-25T10:31:19","modified_gmt":"2026-03-25T09:31:19","slug":"nachhaltigkeit","status":"publish","type":"page","link":"https:\/\/www.mbtelettromotori.it\/de\/nachhaltigkeit\/","title":{"rendered":"Nachhaltigkeit"},"content":{"rendered":"<p>Elektromotoren sind der \u201e<strong>stille Antrieb<\/strong>\u201c zahlreicher industrieller Prozesse und stehen f\u00fcr eine Technologie in stetiger Weiterentwicklung. Heute sind <strong>Energieeffizienz<\/strong> und <strong>\u00f6kologische Nachhaltigkeit<\/strong> mehr denn je strategische Priorit\u00e4ten f\u00fcr Unternehmen, die ihre Betriebskosten senken und ihren \u00f6kologischen Fu\u00dfabdruck minimieren wollen. In diesem Kontext geht die Wahl des passenden Elektromotors weit \u00fcber rein technische Merkmale hinaus: Sie spielt eine Schl\u00fcsselrolle bei der Optimierung des gesamten Produktionszyklus und tr\u00e4gt dazu bei, Prozesse intelligenter, effizienter und wettbewerbsf\u00e4higer zu gestalten.<\/p>\n<p>&nbsp;<\/p>\n<p>MBT Elettromotori verpflichtet sich, den Umweltschutz, die <strong>Reduzierung des Energieverbrauchs<\/strong> und die Minimierung der Umweltbelastung fest in seine Entwicklungsstrategien zu integrieren. Durch konkrete Ma\u00dfnahmen optimiert das Unternehmen den Einsatz von Energie, Wasser und Rohstoffen, reduziert das Abfallaufkommen und begrenzt die Nutzung nicht-erneuerbarer Energiequellen. Zudem f\u00f6rdert MBT eine <strong>Kultur der Nachhaltigkeit<\/strong> und Sicherheit durch gezielte Aus- und Weiterbildung sowie Information der Mitarbeiter.<\/p>\n<p>&nbsp;<\/p>\n<ul class=\"page-gallery\">\n<li>\n<figure data-parallax=\"true\"><img loading=\"lazy\" decoding=\"async\" class=\"alignnone size-medium wp-image-196\" src=\"https:\/\/www.mbtelettromotori.it\/wp-content\/uploads\/2025\/10\/controllo-qualita-elettromotori-271x300.webp\" alt=\"\" width=\"271\" height=\"300\" srcset=\"https:\/\/www.mbtelettromotori.it\/wp-content\/uploads\/2025\/10\/controllo-qualita-elettromotori-271x300.webp 271w, https:\/\/www.mbtelettromotori.it\/wp-content\/uploads\/2025\/10\/controllo-qualita-elettromotori-768x851.webp 768w, https:\/\/www.mbtelettromotori.it\/wp-content\/uploads\/2025\/10\/controllo-qualita-elettromotori.webp 920w\" sizes=\"auto, (max-width: 271px) 100vw, 271px\" \/><\/figure>\n<\/li>\n<li>\n<figure data-parallax=\"true\"><img loading=\"lazy\" decoding=\"async\" class=\"alignnone size-medium wp-image-197\" src=\"https:\/\/www.mbtelettromotori.it\/wp-content\/uploads\/2025\/10\/elettromotori-a-spazzole-271x300.webp\" alt=\"\" width=\"271\" height=\"300\" srcset=\"https:\/\/www.mbtelettromotori.it\/wp-content\/uploads\/2025\/10\/elettromotori-a-spazzole-271x300.webp 271w, https:\/\/www.mbtelettromotori.it\/wp-content\/uploads\/2025\/10\/elettromotori-a-spazzole-768x851.webp 768w, https:\/\/www.mbtelettromotori.it\/wp-content\/uploads\/2025\/10\/elettromotori-a-spazzole.webp 920w\" sizes=\"auto, (max-width: 271px) 100vw, 271px\" \/><\/figure>\n<\/li>\n<\/ul>\n<p>F\u00fcr MBT Elettromotori ist <strong>Energieeffizienz<\/strong> nicht nur eine technische Entscheidung, sondern eine echte Industriestrategie. Daher ist jede Phase der Konstruktion und Fertigung von Gleichstrommotoren, b\u00fcrstenlosen Motoren und DC-Getriebemotoren darauf ausgerichtet, den <strong>Wirkungsgrad zu maximieren<\/strong> und den <strong>Verbrauch zu senken<\/strong>. Von der Optimierung der magnetischen und mechanischen Komponenten bis hin zur Auswahl der effizientesten \u00dcbersetzungsverh\u00e4ltnisse in Getriebemotoren arbeitet MBT daran, <strong>hohe Leistung<\/strong>, <strong>Zuverl\u00e4ssigkeit<\/strong> und <strong>Energieeinsparungen<\/strong> zu gew\u00e4hrleisten. Der Einsatz modernster Steuerelektronik und Materialien der neuesten Generation erm\u00f6glicht es den Elektromotoren von MBT, mit h\u00f6chster Pr\u00e4zision und minimalem Energieverbrauch zu arbeiten.<\/p>\n<p>&nbsp;<\/p>\n<p>F\u00fcr MBT Elettromotori ist Umweltvertr\u00e4glichkeit ein Wert, der jede Produktionsentscheidung leitet, indem Projekt- und Technologiel\u00f6sungen zum Einsatz kommen, die die Umweltbelastung reduzieren. <strong>B\u00fcrstenlose Motoren<\/strong> (Brushless) sind beispielsweise wartungs\u00e4rmer und verursachen im Vergleich zu herk\u00f6mmlichen Modellen weniger Abfall. Der gesamte Produktionsprozess ist konsequent auf Nachhaltigkeit ausgelegt; dabei kommen energiesparende Fertigungstechniken zum Einsatz, erg\u00e4nzt durch ein kontinuierliches Augenmerk auf die Abfallvermeidung.<\/p>\n<p>&nbsp;<\/p>\n<figure data-parallax=\"true\"><\/figure>\n<figure data-parallax=\"true\"><img loading=\"lazy\" decoding=\"async\" class=\"alignnone size-medium wp-image-239\" src=\"https:\/\/www.mbtelettromotori.it\/wp-content\/uploads\/2025\/10\/produzione-elettromotori-mbt-300x163.webp\" alt=\"\" width=\"300\" height=\"163\" srcset=\"https:\/\/www.mbtelettromotori.it\/wp-content\/uploads\/2025\/10\/produzione-elettromotori-mbt-300x163.webp 300w, https:\/\/www.mbtelettromotori.it\/wp-content\/uploads\/2025\/10\/produzione-elettromotori-mbt-1024x555.webp 1024w, https:\/\/www.mbtelettromotori.it\/wp-content\/uploads\/2025\/10\/produzione-elettromotori-mbt-768x416.webp 768w, https:\/\/www.mbtelettromotori.it\/wp-content\/uploads\/2025\/10\/produzione-elettromotori-mbt-1536x832.webp 1536w, https:\/\/www.mbtelettromotori.it\/wp-content\/uploads\/2025\/10\/produzione-elettromotori-mbt-2048x1109.webp 2048w\" sizes=\"auto, (max-width: 300px) 100vw, 300px\" \/><\/figure>\n","protected":false},"excerpt":{"rendered":"<p>Elektromotoren sind der \u201estille Antrieb\u201c zahlreicher industrieller Prozesse und stehen f\u00fcr eine Technologie in stetiger Weiterentwicklung. Heute sind Energieeffizienz und&hellip;<\/p>\n","protected":false},"author":1,"featured_media":0,"parent":0,"menu_order":40,"comment_status":"closed","ping_status":"closed","template":"","meta":{"_acf_changed":false,"footnotes":""},"class_list":["post-755","page","type-page","status-publish","hentry"],"acf":[],"_links":{"self":[{"href":"https:\/\/www.mbtelettromotori.it\/de\/wp-json\/wp\/v2\/pages\/755","targetHints":{"allow":["GET"]}}],"collection":[{"href":"https:\/\/www.mbtelettromotori.it\/de\/wp-json\/wp\/v2\/pages"}],"about":[{"href":"https:\/\/www.mbtelettromotori.it\/de\/wp-json\/wp\/v2\/types\/page"}],"author":[{"embeddable":true,"href":"https:\/\/www.mbtelettromotori.it\/de\/wp-json\/wp\/v2\/users\/1"}],"replies":[{"embeddable":true,"href":"https:\/\/www.mbtelettromotori.it\/de\/wp-json\/wp\/v2\/comments?post=755"}],"version-history":[{"count":1,"href":"https:\/\/www.mbtelettromotori.it\/de\/wp-json\/wp\/v2\/pages\/755\/revisions"}],"predecessor-version":[{"id":757,"href":"https:\/\/www.mbtelettromotori.it\/de\/wp-json\/wp\/v2\/pages\/755\/revisions\/757"}],"wp:attachment":[{"href":"https:\/\/www.mbtelettromotori.it\/de\/wp-json\/wp\/v2\/media?parent=755"}],"curies":[{"name":"wp","href":"https:\/\/api.w.org\/{rel}","templated":true}]}}